{"id":14399,"date":"2024-10-30T06:26:51","date_gmt":"2024-10-30T06:26:51","guid":{"rendered":"https:\/\/millersbeslag.se\/product\/laskasse-72016-innerdor-brun\/"},"modified":"2024-10-30T06:26:51","modified_gmt":"2024-10-30T06:26:51","slug":"laskasse-72016-innerdor-brun","status":"publish","type":"product","link":"https:\/\/millersbeslag.se\/no\/product\/laskasse-72016-innerdor-brun\/","title":{"rendered":"L\u00c5SKASSE 72016 INNERD\u00d8R BRUN"},"content":{"rendered":"<p>L\u00e5skasse for lette innerd\u00f8rer med reile og trykkfalle der sylinderl\u00e5sing \u00f8nskes. Uttrekkbar og vendbar falle for endring h\u00f8yrer\/venstre. Leveres med sluttblekk. Dordybde 45mm. M\u00e5l stolpe 20x150mm. Kompletteres med sylinder og sylindertilbeh\u00f8r. Passer b\u00e5de for sylinder med fastsetting gjennom l\u00e5sstolpen og fastsetting gjennom l\u00e5skassen.<\/p>\n","protected":false},"excerpt":{"rendered":"L\u00e5skasse for lette innerd\u00f8rer med reile og trykkfalle der sylinderl\u00e5sing \u00f8nskes. Uttrekkbar og vendbar falle for endring h\u00f8yrer\/venstre. Leveres med [&hellip;]","protected":false},"featured_media":0,"comment_status":"closed","ping_status":"closed","template":"","meta":{"_acf_changed":false},"product_cat":[11689,11701],"product_tag":[],"class_list":{"0":"post-14399","1":"product","2":"type-product","3":"status-publish","5":"product_cat-las-no","6":"product_cat-laskasser-no","8":"first","9":"instock","10":"shipping-taxable","11":"product-type-simple"},"acf":[],"yoast_head":"<!-- This site is optimized with the Yoast SEO plugin v23.4 - https:\/\/yoast.com\/wordpress\/plugins\/seo\/ -->\n<title>L\u00c5SKASSE 72016 INNERD\u00d8R BRUN - Beslag sedan 1903<\/title>\n<meta name=\"robots\" content=\"index, follow, max-snippet:-1, max-image-preview:large, max-video-preview:-1\" \/>\n<link rel=\"canonical\" href=\"https:\/\/millersbeslag.se\/no\/product\/laskasse-72016-innerdor-brun\/\" \/>\n<meta property=\"og:locale\" content=\"nb_NO\" \/>\n<meta property=\"og:type\" content=\"article\" \/>\n<meta property=\"og:title\" content=\"L\u00c5SKASSE 72016 INNERD\u00d8R BRUN - Beslag sedan 1903\" \/>\n<meta property=\"og:description\" content=\"L\u00e5skasse for lette innerd\u00f8rer med reile og trykkfalle der sylinderl\u00e5sing \u00f8nskes. Uttrekkbar og vendbar falle for endring h\u00f8yrer\/venstre. Leveres med [&hellip;]\" \/>\n<meta property=\"og:url\" content=\"https:\/\/millersbeslag.se\/no\/product\/laskasse-72016-innerdor-brun\/\" \/>\n<meta property=\"og:site_name\" content=\"Beslag sedan 1903\" \/>\n<meta property=\"article:publisher\" content=\"https:\/\/www.facebook.com\/limittools\/\" \/>\n<meta name=\"twitter:card\" content=\"summary_large_image\" \/>\n<script type=\"application\/ld+json\" class=\"yoast-schema-graph\">{\"@context\":\"https:\/\/schema.org\",\"@graph\":[{\"@type\":\"WebPage\",\"@id\":\"https:\/\/millersbeslag.se\/no\/product\/laskasse-72016-innerdor-brun\/\",\"url\":\"https:\/\/millersbeslag.se\/no\/product\/laskasse-72016-innerdor-brun\/\",\"name\":\"L\u00c5SKASSE 72016 INNERD\u00d8R BRUN - Beslag sedan 1903\",\"isPartOf\":{\"@id\":\"https:\/\/millersbeslag.se\/en\/#website\"},\"datePublished\":\"2024-10-30T06:26:51+00:00\",\"dateModified\":\"2024-10-30T06:26:51+00:00\",\"breadcrumb\":{\"@id\":\"https:\/\/millersbeslag.se\/no\/product\/laskasse-72016-innerdor-brun\/#breadcrumb\"},\"inLanguage\":\"nb-NO\",\"potentialAction\":[{\"@type\":\"ReadAction\",\"target\":[\"https:\/\/millersbeslag.se\/no\/product\/laskasse-72016-innerdor-brun\/\"]}]},{\"@type\":\"BreadcrumbList\",\"@id\":\"https:\/\/millersbeslag.se\/no\/product\/laskasse-72016-innerdor-brun\/#breadcrumb\",\"itemListElement\":[{\"@type\":\"ListItem\",\"position\":1,\"name\":\"Produkter\",\"item\":\"https:\/\/millersbeslag.se\/products\/\"},{\"@type\":\"ListItem\",\"position\":2,\"name\":\"L\u00c5SKASSE 72016 INNERD\u00d8R BRUN\"}]},{\"@type\":\"WebSite\",\"@id\":\"https:\/\/millersbeslag.se\/en\/#website\",\"url\":\"https:\/\/millersbeslag.se\/en\/\",\"name\":\"Beslag sedan 1903\",\"description\":\"Beslag inom allt\",\"potentialAction\":[{\"@type\":\"SearchAction\",\"target\":{\"@type\":\"EntryPoint\",\"urlTemplate\":\"https:\/\/millersbeslag.se\/en\/?s={search_term_string}\"},\"query-input\":{\"@type\":\"PropertyValueSpecification\",\"valueRequired\":true,\"valueName\":\"search_term_string\"}}],\"inLanguage\":\"nb-NO\"}]}<\/script>\n<!-- \/ Yoast SEO plugin. -->","yoast_head_json":{"title":"L\u00c5SKASSE 72016 INNERD\u00d8R BRUN - Beslag sedan 1903","robots":{"index":"index","follow":"follow","max-snippet":"max-snippet:-1","max-image-preview":"max-image-preview:large","max-video-preview":"max-video-preview:-1"},"canonical":"https:\/\/millersbeslag.se\/no\/product\/laskasse-72016-innerdor-brun\/","og_locale":"nb_NO","og_type":"article","og_title":"L\u00c5SKASSE 72016 INNERD\u00d8R BRUN - Beslag sedan 1903","og_description":"L\u00e5skasse for lette innerd\u00f8rer med reile og trykkfalle der sylinderl\u00e5sing \u00f8nskes. Uttrekkbar og vendbar falle for endring h\u00f8yrer\/venstre. Leveres med [&hellip;]","og_url":"https:\/\/millersbeslag.se\/no\/product\/laskasse-72016-innerdor-brun\/","og_site_name":"Beslag sedan 1903","article_publisher":"https:\/\/www.facebook.com\/limittools\/","twitter_card":"summary_large_image","schema":{"@context":"https:\/\/schema.org","@graph":[{"@type":"WebPage","@id":"https:\/\/millersbeslag.se\/no\/product\/laskasse-72016-innerdor-brun\/","url":"https:\/\/millersbeslag.se\/no\/product\/laskasse-72016-innerdor-brun\/","name":"L\u00c5SKASSE 72016 INNERD\u00d8R BRUN - Beslag sedan 1903","isPartOf":{"@id":"https:\/\/millersbeslag.se\/en\/#website"},"datePublished":"2024-10-30T06:26:51+00:00","dateModified":"2024-10-30T06:26:51+00:00","breadcrumb":{"@id":"https:\/\/millersbeslag.se\/no\/product\/laskasse-72016-innerdor-brun\/#breadcrumb"},"inLanguage":"nb-NO","potentialAction":[{"@type":"ReadAction","target":["https:\/\/millersbeslag.se\/no\/product\/laskasse-72016-innerdor-brun\/"]}]},{"@type":"BreadcrumbList","@id":"https:\/\/millersbeslag.se\/no\/product\/laskasse-72016-innerdor-brun\/#breadcrumb","itemListElement":[{"@type":"ListItem","position":1,"name":"Produkter","item":"https:\/\/millersbeslag.se\/products\/"},{"@type":"ListItem","position":2,"name":"L\u00c5SKASSE 72016 INNERD\u00d8R BRUN"}]},{"@type":"WebSite","@id":"https:\/\/millersbeslag.se\/en\/#website","url":"https:\/\/millersbeslag.se\/en\/","name":"Beslag sedan 1903","description":"Beslag inom allt","potentialAction":[{"@type":"SearchAction","target":{"@type":"EntryPoint","urlTemplate":"https:\/\/millersbeslag.se\/en\/?s={search_term_string}"},"query-input":{"@type":"PropertyValueSpecification","valueRequired":true,"valueName":"search_term_string"}}],"inLanguage":"nb-NO"}]}},"_links":{"self":[{"href":"https:\/\/millersbeslag.se\/no\/wp-json\/wp\/v2\/product\/14399"}],"collection":[{"href":"https:\/\/millersbeslag.se\/no\/wp-json\/wp\/v2\/product"}],"about":[{"href":"https:\/\/millersbeslag.se\/no\/wp-json\/wp\/v2\/types\/product"}],"replies":[{"embeddable":true,"href":"https:\/\/millersbeslag.se\/no\/wp-json\/wp\/v2\/comments?post=14399"}],"wp:attachment":[{"href":"https:\/\/millersbeslag.se\/no\/wp-json\/wp\/v2\/media?parent=14399"}],"wp:term":[{"taxonomy":"product_cat","embeddable":true,"href":"https:\/\/millersbeslag.se\/no\/wp-json\/wp\/v2\/product_cat?post=14399"},{"taxonomy":"product_tag","embeddable":true,"href":"https:\/\/millersbeslag.se\/no\/wp-json\/wp\/v2\/product_tag?post=14399"}],"curies":[{"name":"wp","href":"https:\/\/api.w.org\/{rel}","templated":true}]}}