{"id":14325,"date":"2024-10-30T06:26:38","date_gmt":"2024-10-30T06:26:38","guid":{"rendered":"https:\/\/millersbeslag.se\/product\/dorbrems-hvit-360mm\/"},"modified":"2024-10-30T06:26:38","modified_gmt":"2024-10-30T06:26:38","slug":"dorbrems-hvit-360mm","status":"publish","type":"product","link":"https:\/\/millersbeslag.se\/no\/product\/dorbrems-hvit-360mm\/","title":{"rendered":"D\u00d8RBREMS HVIT 360MM"},"content":{"rendered":"<p>Forhindrer at d\u00f8ren bl\u00e5ser igjen, samt minsker risikoen for klemskader. R\u00f8r og fester av lakkert st\u00e5l, stang av rustfritt st\u00e5l. Justeringshylse av plast. Kort modell er egnet for vindusd\u00f8rer (balkongd\u00f8r). Lang modell er egnet for ytterd\u00f8rer, bodd\u00f8rer m.m.<\/p>\n","protected":false},"excerpt":{"rendered":"Forhindrer at d\u00f8ren bl\u00e5ser igjen, samt minsker risikoen for klemskader. R\u00f8r og fester av lakkert st\u00e5l, stang av rustfritt st\u00e5l. [&hellip;]","protected":false},"featured_media":0,"comment_status":"closed","ping_status":"closed","template":"","meta":{"_acf_changed":false},"product_cat":[11674,11710],"product_tag":[],"class_list":{"0":"post-14325","1":"product","2":"type-product","3":"status-publish","5":"product_cat-dor-no","6":"product_cat-dorstopper-dorbrems-no","8":"first","9":"instock","10":"shipping-taxable","11":"product-type-simple"},"acf":[],"yoast_head":"<!-- This site is optimized with the Yoast SEO plugin v23.4 - https:\/\/yoast.com\/wordpress\/plugins\/seo\/ -->\n<title>D\u00d8RBREMS HVIT 360MM - Beslag sedan 1903<\/title>\n<meta name=\"robots\" content=\"index, follow, max-snippet:-1, max-image-preview:large, max-video-preview:-1\" \/>\n<link rel=\"canonical\" href=\"https:\/\/millersbeslag.se\/no\/product\/dorbrems-hvit-360mm\/\" \/>\n<meta property=\"og:locale\" content=\"nb_NO\" \/>\n<meta property=\"og:type\" content=\"article\" \/>\n<meta property=\"og:title\" content=\"D\u00d8RBREMS HVIT 360MM - Beslag sedan 1903\" \/>\n<meta property=\"og:description\" content=\"Forhindrer at d\u00f8ren bl\u00e5ser igjen, samt minsker risikoen for klemskader. R\u00f8r og fester av lakkert st\u00e5l, stang av rustfritt st\u00e5l. [&hellip;]\" \/>\n<meta property=\"og:url\" content=\"https:\/\/millersbeslag.se\/no\/product\/dorbrems-hvit-360mm\/\" \/>\n<meta property=\"og:site_name\" content=\"Beslag sedan 1903\" \/>\n<meta property=\"article:publisher\" content=\"https:\/\/www.facebook.com\/limittools\/\" \/>\n<meta name=\"twitter:card\" content=\"summary_large_image\" \/>\n<script type=\"application\/ld+json\" class=\"yoast-schema-graph\">{\"@context\":\"https:\/\/schema.org\",\"@graph\":[{\"@type\":\"WebPage\",\"@id\":\"https:\/\/millersbeslag.se\/no\/product\/dorbrems-hvit-360mm\/\",\"url\":\"https:\/\/millersbeslag.se\/no\/product\/dorbrems-hvit-360mm\/\",\"name\":\"D\u00d8RBREMS HVIT 360MM - Beslag sedan 1903\",\"isPartOf\":{\"@id\":\"https:\/\/millersbeslag.se\/en\/#website\"},\"datePublished\":\"2024-10-30T06:26:38+00:00\",\"dateModified\":\"2024-10-30T06:26:38+00:00\",\"breadcrumb\":{\"@id\":\"https:\/\/millersbeslag.se\/no\/product\/dorbrems-hvit-360mm\/#breadcrumb\"},\"inLanguage\":\"nb-NO\",\"potentialAction\":[{\"@type\":\"ReadAction\",\"target\":[\"https:\/\/millersbeslag.se\/no\/product\/dorbrems-hvit-360mm\/\"]}]},{\"@type\":\"BreadcrumbList\",\"@id\":\"https:\/\/millersbeslag.se\/no\/product\/dorbrems-hvit-360mm\/#breadcrumb\",\"itemListElement\":[{\"@type\":\"ListItem\",\"position\":1,\"name\":\"Produkter\",\"item\":\"https:\/\/millersbeslag.se\/products\/\"},{\"@type\":\"ListItem\",\"position\":2,\"name\":\"D\u00d8RBREMS HVIT 360MM\"}]},{\"@type\":\"WebSite\",\"@id\":\"https:\/\/millersbeslag.se\/en\/#website\",\"url\":\"https:\/\/millersbeslag.se\/en\/\",\"name\":\"Beslag sedan 1903\",\"description\":\"Beslag inom allt\",\"potentialAction\":[{\"@type\":\"SearchAction\",\"target\":{\"@type\":\"EntryPoint\",\"urlTemplate\":\"https:\/\/millersbeslag.se\/en\/?s={search_term_string}\"},\"query-input\":{\"@type\":\"PropertyValueSpecification\",\"valueRequired\":true,\"valueName\":\"search_term_string\"}}],\"inLanguage\":\"nb-NO\"}]}<\/script>\n<!-- \/ Yoast SEO plugin. -->","yoast_head_json":{"title":"D\u00d8RBREMS HVIT 360MM - Beslag sedan 1903","robots":{"index":"index","follow":"follow","max-snippet":"max-snippet:-1","max-image-preview":"max-image-preview:large","max-video-preview":"max-video-preview:-1"},"canonical":"https:\/\/millersbeslag.se\/no\/product\/dorbrems-hvit-360mm\/","og_locale":"nb_NO","og_type":"article","og_title":"D\u00d8RBREMS HVIT 360MM - Beslag sedan 1903","og_description":"Forhindrer at d\u00f8ren bl\u00e5ser igjen, samt minsker risikoen for klemskader. R\u00f8r og fester av lakkert st\u00e5l, stang av rustfritt st\u00e5l. [&hellip;]","og_url":"https:\/\/millersbeslag.se\/no\/product\/dorbrems-hvit-360mm\/","og_site_name":"Beslag sedan 1903","article_publisher":"https:\/\/www.facebook.com\/limittools\/","twitter_card":"summary_large_image","schema":{"@context":"https:\/\/schema.org","@graph":[{"@type":"WebPage","@id":"https:\/\/millersbeslag.se\/no\/product\/dorbrems-hvit-360mm\/","url":"https:\/\/millersbeslag.se\/no\/product\/dorbrems-hvit-360mm\/","name":"D\u00d8RBREMS HVIT 360MM - Beslag sedan 1903","isPartOf":{"@id":"https:\/\/millersbeslag.se\/en\/#website"},"datePublished":"2024-10-30T06:26:38+00:00","dateModified":"2024-10-30T06:26:38+00:00","breadcrumb":{"@id":"https:\/\/millersbeslag.se\/no\/product\/dorbrems-hvit-360mm\/#breadcrumb"},"inLanguage":"nb-NO","potentialAction":[{"@type":"ReadAction","target":["https:\/\/millersbeslag.se\/no\/product\/dorbrems-hvit-360mm\/"]}]},{"@type":"BreadcrumbList","@id":"https:\/\/millersbeslag.se\/no\/product\/dorbrems-hvit-360mm\/#breadcrumb","itemListElement":[{"@type":"ListItem","position":1,"name":"Produkter","item":"https:\/\/millersbeslag.se\/products\/"},{"@type":"ListItem","position":2,"name":"D\u00d8RBREMS HVIT 360MM"}]},{"@type":"WebSite","@id":"https:\/\/millersbeslag.se\/en\/#website","url":"https:\/\/millersbeslag.se\/en\/","name":"Beslag sedan 1903","description":"Beslag inom allt","potentialAction":[{"@type":"SearchAction","target":{"@type":"EntryPoint","urlTemplate":"https:\/\/millersbeslag.se\/en\/?s={search_term_string}"},"query-input":{"@type":"PropertyValueSpecification","valueRequired":true,"valueName":"search_term_string"}}],"inLanguage":"nb-NO"}]}},"_links":{"self":[{"href":"https:\/\/millersbeslag.se\/no\/wp-json\/wp\/v2\/product\/14325"}],"collection":[{"href":"https:\/\/millersbeslag.se\/no\/wp-json\/wp\/v2\/product"}],"about":[{"href":"https:\/\/millersbeslag.se\/no\/wp-json\/wp\/v2\/types\/product"}],"replies":[{"embeddable":true,"href":"https:\/\/millersbeslag.se\/no\/wp-json\/wp\/v2\/comments?post=14325"}],"wp:attachment":[{"href":"https:\/\/millersbeslag.se\/no\/wp-json\/wp\/v2\/media?parent=14325"}],"wp:term":[{"taxonomy":"product_cat","embeddable":true,"href":"https:\/\/millersbeslag.se\/no\/wp-json\/wp\/v2\/product_cat?post=14325"},{"taxonomy":"product_tag","embeddable":true,"href":"https:\/\/millersbeslag.se\/no\/wp-json\/wp\/v2\/product_tag?post=14325"}],"curies":[{"name":"wp","href":"https:\/\/api.w.org\/{rel}","templated":true}]}}