{"id":13470,"date":"2024-11-06T10:36:15","date_gmt":"2024-11-06T10:36:15","guid":{"rendered":"https:\/\/millersbeslag.se\/product\/spiraldorstenger-200mm\/"},"modified":"2024-11-06T10:36:15","modified_gmt":"2024-11-06T10:36:15","slug":"spiraldorstenger-200mm","status":"publish","type":"product","link":"https:\/\/millersbeslag.se\/no\/product\/spiraldorstenger-200mm\/","title":{"rendered":"SPIRALD\u00d8RSTENGER 200MM"},"content":{"rendered":"<p>Spirald\u00f8rstenger for automatisk stenging av d\u00f8r. Skruem\u00e5l: 4,0&#215;25 mm.<br \/>\n400010021 &#8211; D\u00f8rbladets vekt: ca 40 kg<br \/>\n400010039 &#8211; D\u00f8rbladets vekt: ca 60 kg<\/p>\n","protected":false},"excerpt":{"rendered":"Spirald\u00f8rstenger for automatisk stenging av d\u00f8r. Skruem\u00e5l: 4,0&#215;25 mm. 400010021 &#8211; D\u00f8rbladets vekt: ca 40 kg 400010039 &#8211; D\u00f8rbladets vekt: [&hellip;]","protected":false},"featured_media":0,"comment_status":"closed","ping_status":"closed","template":"","meta":{"_acf_changed":false},"product_cat":[11674,11710],"product_tag":[],"class_list":{"0":"post-13470","1":"product","2":"type-product","3":"status-publish","5":"product_cat-dor-no","6":"product_cat-dorstopper-dorbrems-no","8":"first","9":"instock","10":"shipping-taxable","11":"product-type-simple"},"acf":[],"yoast_head":"<!-- This site is optimized with the Yoast SEO plugin v23.4 - https:\/\/yoast.com\/wordpress\/plugins\/seo\/ -->\n<title>SPIRALD\u00d8RSTENGER 200MM - Beslag sedan 1903<\/title>\n<meta name=\"robots\" content=\"index, follow, max-snippet:-1, max-image-preview:large, max-video-preview:-1\" \/>\n<link rel=\"canonical\" href=\"https:\/\/millersbeslag.se\/no\/product\/spiraldorstenger-200mm\/\" \/>\n<meta property=\"og:locale\" content=\"nb_NO\" \/>\n<meta property=\"og:type\" content=\"article\" \/>\n<meta property=\"og:title\" content=\"SPIRALD\u00d8RSTENGER 200MM - Beslag sedan 1903\" \/>\n<meta property=\"og:description\" content=\"Spirald\u00f8rstenger for automatisk stenging av d\u00f8r. Skruem\u00e5l: 4,0&#215;25 mm. 400010021 &#8211; D\u00f8rbladets vekt: ca 40 kg 400010039 &#8211; D\u00f8rbladets vekt: [&hellip;]\" \/>\n<meta property=\"og:url\" content=\"https:\/\/millersbeslag.se\/no\/product\/spiraldorstenger-200mm\/\" \/>\n<meta property=\"og:site_name\" content=\"Beslag sedan 1903\" \/>\n<meta property=\"article:publisher\" content=\"https:\/\/www.facebook.com\/limittools\/\" \/>\n<meta name=\"twitter:card\" content=\"summary_large_image\" \/>\n<script type=\"application\/ld+json\" class=\"yoast-schema-graph\">{\"@context\":\"https:\/\/schema.org\",\"@graph\":[{\"@type\":\"WebPage\",\"@id\":\"https:\/\/millersbeslag.se\/no\/product\/spiraldorstenger-200mm\/\",\"url\":\"https:\/\/millersbeslag.se\/no\/product\/spiraldorstenger-200mm\/\",\"name\":\"SPIRALD\u00d8RSTENGER 200MM - Beslag sedan 1903\",\"isPartOf\":{\"@id\":\"https:\/\/millersbeslag.se\/en\/#website\"},\"datePublished\":\"2024-11-06T10:36:15+00:00\",\"dateModified\":\"2024-11-06T10:36:15+00:00\",\"breadcrumb\":{\"@id\":\"https:\/\/millersbeslag.se\/no\/product\/spiraldorstenger-200mm\/#breadcrumb\"},\"inLanguage\":\"nb-NO\",\"potentialAction\":[{\"@type\":\"ReadAction\",\"target\":[\"https:\/\/millersbeslag.se\/no\/product\/spiraldorstenger-200mm\/\"]}]},{\"@type\":\"BreadcrumbList\",\"@id\":\"https:\/\/millersbeslag.se\/no\/product\/spiraldorstenger-200mm\/#breadcrumb\",\"itemListElement\":[{\"@type\":\"ListItem\",\"position\":1,\"name\":\"Produkter\",\"item\":\"https:\/\/millersbeslag.se\/products\/\"},{\"@type\":\"ListItem\",\"position\":2,\"name\":\"SPIRALD\u00d8RSTENGER 200MM\"}]},{\"@type\":\"WebSite\",\"@id\":\"https:\/\/millersbeslag.se\/en\/#website\",\"url\":\"https:\/\/millersbeslag.se\/en\/\",\"name\":\"Beslag sedan 1903\",\"description\":\"Beslag inom allt\",\"potentialAction\":[{\"@type\":\"SearchAction\",\"target\":{\"@type\":\"EntryPoint\",\"urlTemplate\":\"https:\/\/millersbeslag.se\/en\/?s={search_term_string}\"},\"query-input\":{\"@type\":\"PropertyValueSpecification\",\"valueRequired\":true,\"valueName\":\"search_term_string\"}}],\"inLanguage\":\"nb-NO\"}]}<\/script>\n<!-- \/ Yoast SEO plugin. -->","yoast_head_json":{"title":"SPIRALD\u00d8RSTENGER 200MM - Beslag sedan 1903","robots":{"index":"index","follow":"follow","max-snippet":"max-snippet:-1","max-image-preview":"max-image-preview:large","max-video-preview":"max-video-preview:-1"},"canonical":"https:\/\/millersbeslag.se\/no\/product\/spiraldorstenger-200mm\/","og_locale":"nb_NO","og_type":"article","og_title":"SPIRALD\u00d8RSTENGER 200MM - Beslag sedan 1903","og_description":"Spirald\u00f8rstenger for automatisk stenging av d\u00f8r. Skruem\u00e5l: 4,0&#215;25 mm. 400010021 &#8211; D\u00f8rbladets vekt: ca 40 kg 400010039 &#8211; D\u00f8rbladets vekt: [&hellip;]","og_url":"https:\/\/millersbeslag.se\/no\/product\/spiraldorstenger-200mm\/","og_site_name":"Beslag sedan 1903","article_publisher":"https:\/\/www.facebook.com\/limittools\/","twitter_card":"summary_large_image","schema":{"@context":"https:\/\/schema.org","@graph":[{"@type":"WebPage","@id":"https:\/\/millersbeslag.se\/no\/product\/spiraldorstenger-200mm\/","url":"https:\/\/millersbeslag.se\/no\/product\/spiraldorstenger-200mm\/","name":"SPIRALD\u00d8RSTENGER 200MM - Beslag sedan 1903","isPartOf":{"@id":"https:\/\/millersbeslag.se\/en\/#website"},"datePublished":"2024-11-06T10:36:15+00:00","dateModified":"2024-11-06T10:36:15+00:00","breadcrumb":{"@id":"https:\/\/millersbeslag.se\/no\/product\/spiraldorstenger-200mm\/#breadcrumb"},"inLanguage":"nb-NO","potentialAction":[{"@type":"ReadAction","target":["https:\/\/millersbeslag.se\/no\/product\/spiraldorstenger-200mm\/"]}]},{"@type":"BreadcrumbList","@id":"https:\/\/millersbeslag.se\/no\/product\/spiraldorstenger-200mm\/#breadcrumb","itemListElement":[{"@type":"ListItem","position":1,"name":"Produkter","item":"https:\/\/millersbeslag.se\/products\/"},{"@type":"ListItem","position":2,"name":"SPIRALD\u00d8RSTENGER 200MM"}]},{"@type":"WebSite","@id":"https:\/\/millersbeslag.se\/en\/#website","url":"https:\/\/millersbeslag.se\/en\/","name":"Beslag sedan 1903","description":"Beslag inom allt","potentialAction":[{"@type":"SearchAction","target":{"@type":"EntryPoint","urlTemplate":"https:\/\/millersbeslag.se\/en\/?s={search_term_string}"},"query-input":{"@type":"PropertyValueSpecification","valueRequired":true,"valueName":"search_term_string"}}],"inLanguage":"nb-NO"}]}},"_links":{"self":[{"href":"https:\/\/millersbeslag.se\/no\/wp-json\/wp\/v2\/product\/13470"}],"collection":[{"href":"https:\/\/millersbeslag.se\/no\/wp-json\/wp\/v2\/product"}],"about":[{"href":"https:\/\/millersbeslag.se\/no\/wp-json\/wp\/v2\/types\/product"}],"replies":[{"embeddable":true,"href":"https:\/\/millersbeslag.se\/no\/wp-json\/wp\/v2\/comments?post=13470"}],"wp:attachment":[{"href":"https:\/\/millersbeslag.se\/no\/wp-json\/wp\/v2\/media?parent=13470"}],"wp:term":[{"taxonomy":"product_cat","embeddable":true,"href":"https:\/\/millersbeslag.se\/no\/wp-json\/wp\/v2\/product_cat?post=13470"},{"taxonomy":"product_tag","embeddable":true,"href":"https:\/\/millersbeslag.se\/no\/wp-json\/wp\/v2\/product_tag?post=13470"}],"curies":[{"name":"wp","href":"https:\/\/api.w.org\/{rel}","templated":true}]}}