{"id":12317,"date":"2022-11-11T14:27:03","date_gmt":"2022-11-11T14:27:03","guid":{"rendered":"https:\/\/millersbeslag.se\/inspiration\/epok\/"},"modified":"2023-11-27T10:31:53","modified_gmt":"2023-11-27T10:31:53","slug":"epok","status":"publish","type":"page","link":"https:\/\/millersbeslag.se\/no\/inspirasjon\/epok\/","title":{"rendered":"Epok"},"content":{"rendered":"<div class=\"wpb-content-wrapper\"><p>[vc_row][vc_column]\n        <div class=\"block block--image align-image--left image-size--large\"><figure><img loading=\"lazy\" decoding=\"async\" width=\"2560\" height=\"1707\" src=\"https:\/\/millersbeslag.se\/wp-content\/uploads\/2023\/03\/Vardagsrum-scaled.webp\" class=\"attachment-full size-full\" alt=\"vardagsrum med gr\u00e5a v\u00e4ggar och hyllor. Beslag som \u00e4r guld och silverf\u00e4rgade.\" srcset=\"https:\/\/millersbeslag.se\/wp-content\/uploads\/2023\/03\/Vardagsrum-scaled.webp 2560w, https:\/\/millersbeslag.se\/wp-content\/uploads\/2023\/03\/Vardagsrum-250x167.webp 250w, https:\/\/millersbeslag.se\/wp-content\/uploads\/2023\/03\/Vardagsrum-700x467.webp 700w, https:\/\/millersbeslag.se\/wp-content\/uploads\/2023\/03\/Vardagsrum-768x512.webp 768w, https:\/\/millersbeslag.se\/wp-content\/uploads\/2023\/03\/Vardagsrum-1536x1024.webp 1536w, https:\/\/millersbeslag.se\/wp-content\/uploads\/2023\/03\/Vardagsrum-2048x1365.webp 2048w, https:\/\/millersbeslag.se\/wp-content\/uploads\/2023\/03\/Vardagsrum-120x80.webp 120w, https:\/\/millersbeslag.se\/wp-content\/uploads\/2023\/03\/Vardagsrum-400x267.webp 400w, https:\/\/millersbeslag.se\/wp-content\/uploads\/2023\/03\/Vardagsrum-600x400.webp 600w\" sizes=\"(max-width: 2560px) 100vw, 2560px\" \/><\/figure><\/div>\n        <div class=\"block block--title\">\n            <h4>Utvalgte produkter i bilde<\/h4>\n        <\/div><div class=\"block block_product_grid\"><div class=\"block_product_grid--item\">\n\t\t\t\t\t\t<a class=\"block_product_grid--item__link\" href=\"https:\/\/millersbeslag.se\/no\/product\/knott-leif-hvit-kr-o36mm\/\"><img decoding=\"async\" class=\"block_product_grid--item__image\" src=\"https:\/\/millersbeslag.se\/wp-content\/uploads\/2023\/03\/Knopp-2.webp\" alt=\"Knott Leif\" \/><h2 class=\"block_product_grid--item__title\">Knott Leif<\/h2>\n\t\t\t\t\t\t<\/a>\n\t\t\t\t\t<\/div>\n\t\t\t\t<div class=\"block_product_grid--item\">\n\t\t\t\t\t\t<a class=\"block_product_grid--item__link\" href=\"https:\/\/millersbeslag.se\/no\/product\/innerdorhandtak-prytz-me\/\"><img decoding=\"async\" class=\"block_product_grid--item__image\" src=\"https:\/\/millersbeslag.se\/wp-content\/uploads\/2023\/03\/Dorrhandtag-4.webp\" alt=\"Innerdorh\u00e5ndtak Prytz\" \/><h2 class=\"block_product_grid--item__title\">Innerdorh\u00e5ndtak Prytz<\/h2>\n\t\t\t\t\t\t<\/a>\n\t\t\t\t\t<\/div>\n\t\t\t\t<div class=\"block_product_grid--item\">\n\t\t\t\t\t\t<a class=\"block_product_grid--item__link\" href=\"https:\/\/millersbeslag.se\/no\/product\/knott-severin-me-o30mm\/\"><img decoding=\"async\" class=\"block_product_grid--item__image\" src=\"https:\/\/millersbeslag.se\/wp-content\/uploads\/2023\/03\/Knopp-3.webp\" alt=\"Knott Severin\" \/><h2 class=\"block_product_grid--item__title\">Knott Severin<\/h2>\n\t\t\t\t\t\t<\/a>\n\t\t\t\t\t<\/div>\n\t\t\t\t<\/div>\n            <div class=\"block block--promo align-left size-default text-default with-image\">\n                <div class=\"promo promo--none\">\n                    <div class=\"promo__image\">\n                        <img decoding=\"async\" src=\"https:\/\/millersbeslag.se\/wp-content\/uploads\/2023\/03\/Epok_kok-700x394.webp\" alt=\"KOLLEKSJONSFILM\"\/>\n                    <\/div>\n                    <div class=\"promo-content promo-content--none\">\n                        <h3 class=\"promo__subtitle\"><\/h3>\n                        <h2 class=\"promo__title\">KOLLEKSJONSFILM<\/h2>\n                        <div class=\"promo__text\">La deg inspirere av Epokkolleksjonen.<\/div><a href=\"https:\/\/youtu.be\/qC2yaOwRHcY\" target=\"_blank\" class=\"promo__action btn\">Se filmen<\/a><\/div>\n                <\/div>\n            <\/div>\n        <div class=\"block block--image align-image--left image-size--large\"><figure><img loading=\"lazy\" decoding=\"async\" width=\"2560\" height=\"1707\" src=\"https:\/\/millersbeslag.se\/wp-content\/uploads\/2023\/03\/Epok-Badrum-singel-scaled.webp\" class=\"attachment-full size-full\" alt=\"ett badrum med gr\u00e5a v\u00e4ggar, badrumsbeslag i guldiga detaljer\" srcset=\"https:\/\/millersbeslag.se\/wp-content\/uploads\/2023\/03\/Epok-Badrum-singel-scaled.webp 2560w, https:\/\/millersbeslag.se\/wp-content\/uploads\/2023\/03\/Epok-Badrum-singel-250x167.webp 250w, https:\/\/millersbeslag.se\/wp-content\/uploads\/2023\/03\/Epok-Badrum-singel-700x467.webp 700w, https:\/\/millersbeslag.se\/wp-content\/uploads\/2023\/03\/Epok-Badrum-singel-768x512.webp 768w, https:\/\/millersbeslag.se\/wp-content\/uploads\/2023\/03\/Epok-Badrum-singel-1536x1024.webp 1536w, https:\/\/millersbeslag.se\/wp-content\/uploads\/2023\/03\/Epok-Badrum-singel-2048x1366.webp 2048w, https:\/\/millersbeslag.se\/wp-content\/uploads\/2023\/03\/Epok-Badrum-singel-120x80.webp 120w, https:\/\/millersbeslag.se\/wp-content\/uploads\/2023\/03\/Epok-Badrum-singel-400x267.webp 400w, https:\/\/millersbeslag.se\/wp-content\/uploads\/2023\/03\/Epok-Badrum-singel-600x400.webp 600w\" sizes=\"(max-width: 2560px) 100vw, 2560px\" \/><\/figure><\/div>\n        <div class=\"block block--title\">\n            <h4>Utvalgte produkter i bilde<\/h4>\n        <\/div><div class=\"block block_product_grid\"><div class=\"block_product_grid--item\">\n\t\t\t\t\t\t<a class=\"block_product_grid--item__link\" href=\"https:\/\/millersbeslag.se\/no\/product\/kleskrok-82-me\/\"><img decoding=\"async\" class=\"block_product_grid--item__image\" src=\"https:\/\/millersbeslag.se\/wp-content\/uploads\/2023\/03\/Kladkrok-1.webp\" alt=\"Kleskrok 82mm\" \/><h2 class=\"block_product_grid--item__title\">Kleskrok 82mm<\/h2>\n\t\t\t\t\t\t<\/a>\n\t\t\t\t\t<\/div>\n\t\t\t\t<div class=\"block_product_grid--item\">\n\t\t\t\t\t\t<a class=\"block_product_grid--item__link\" href=\"https:\/\/millersbeslag.se\/no\/product\/knott-jostein-me-36mm\/\"><img decoding=\"async\" class=\"block_product_grid--item__image\" src=\"https:\/\/millersbeslag.se\/wp-content\/uploads\/2023\/03\/Knopp-jostein.webp\" alt=\"Knott Jostein\" \/><h2 class=\"block_product_grid--item__title\">Knott Jostein<\/h2>\n\t\t\t\t\t\t<\/a>\n\t\t\t\t\t<\/div>\n\t\t\t\t<div class=\"block_product_grid--item\">\n\t\t\t\t\t\t<a class=\"block_product_grid--item__link\" href=\"https:\/\/millersbeslag.se\/no\/product\/innerdorhandtak-moberg-me\/\"><img decoding=\"async\" class=\"block_product_grid--item__image\" src=\"https:\/\/millersbeslag.se\/wp-content\/uploads\/2023\/03\/Dorrhandtag-2.webp\" alt=\"Innerd\u00f6rrhandtag Moberg\" \/><h2 class=\"block_product_grid--item__title\">Innerd\u00f6rrhandtag Moberg<\/h2>\n\t\t\t\t\t\t<\/a>\n\t\t\t\t\t<\/div>\n\t\t\t\t<\/div>[\/vc_column][\/vc_row]<\/p>\n<\/div>","protected":false},"excerpt":{"rendered":"[vc_row][vc_column][\/vc_column][\/vc_row]","protected":false},"author":2,"featured_media":0,"parent":12284,"menu_order":0,"comment_status":"closed","ping_status":"closed","template":"template-inspiration.php","meta":{"_acf_changed":false,"footnotes":""},"class_list":["post-12317","page","type-page","status-publish","hentry"],"acf":[],"yoast_head":"<!-- This site is optimized with the Yoast SEO plugin v23.4 - https:\/\/yoast.com\/wordpress\/plugins\/seo\/ -->\n<title>Epok - Beslag sedan 1903<\/title>\n<meta name=\"robots\" content=\"index, follow, max-snippet:-1, max-image-preview:large, max-video-preview:-1\" \/>\n<link rel=\"canonical\" href=\"https:\/\/millersbeslag.se\/no\/inspirasjon\/epok\/\" \/>\n<meta property=\"og:locale\" content=\"nb_NO\" \/>\n<meta property=\"og:type\" content=\"article\" \/>\n<meta property=\"og:title\" content=\"Epok - Beslag sedan 1903\" \/>\n<meta property=\"og:description\" content=\"[vc_row][vc_column][\/vc_column][\/vc_row]\" \/>\n<meta property=\"og:url\" content=\"https:\/\/millersbeslag.se\/no\/inspirasjon\/epok\/\" \/>\n<meta property=\"og:site_name\" content=\"Beslag sedan 1903\" \/>\n<meta property=\"article:publisher\" content=\"https:\/\/www.facebook.com\/limittools\/\" \/>\n<meta property=\"article:modified_time\" content=\"2023-11-27T10:31:53+00:00\" \/>\n<meta name=\"twitter:card\" content=\"summary_large_image\" \/>\n<meta name=\"twitter:label1\" content=\"Est. reading time\" \/>\n\t<meta name=\"twitter:data1\" content=\"1 minute\" \/>\n<script type=\"application\/ld+json\" class=\"yoast-schema-graph\">{\"@context\":\"https:\/\/schema.org\",\"@graph\":[{\"@type\":\"WebPage\",\"@id\":\"https:\/\/millersbeslag.se\/no\/inspirasjon\/epok\/\",\"url\":\"https:\/\/millersbeslag.se\/no\/inspirasjon\/epok\/\",\"name\":\"Epok - Beslag sedan 1903\",\"isPartOf\":{\"@id\":\"https:\/\/millersbeslag.se\/en\/#website\"},\"datePublished\":\"2022-11-11T14:27:03+00:00\",\"dateModified\":\"2023-11-27T10:31:53+00:00\",\"breadcrumb\":{\"@id\":\"https:\/\/millersbeslag.se\/no\/inspirasjon\/epok\/#breadcrumb\"},\"inLanguage\":\"nb-NO\",\"potentialAction\":[{\"@type\":\"ReadAction\",\"target\":[\"https:\/\/millersbeslag.se\/no\/inspirasjon\/epok\/\"]}]},{\"@type\":\"BreadcrumbList\",\"@id\":\"https:\/\/millersbeslag.se\/no\/inspirasjon\/epok\/#breadcrumb\",\"itemListElement\":[{\"@type\":\"ListItem\",\"position\":1,\"name\":\"Inspirasjon\",\"item\":\"https:\/\/millersbeslag.se\/no\/inspirasjon\/\"},{\"@type\":\"ListItem\",\"position\":2,\"name\":\"Epok\"}]},{\"@type\":\"WebSite\",\"@id\":\"https:\/\/millersbeslag.se\/en\/#website\",\"url\":\"https:\/\/millersbeslag.se\/en\/\",\"name\":\"Beslag sedan 1903\",\"description\":\"Beslag inom allt\",\"potentialAction\":[{\"@type\":\"SearchAction\",\"target\":{\"@type\":\"EntryPoint\",\"urlTemplate\":\"https:\/\/millersbeslag.se\/en\/?s={search_term_string}\"},\"query-input\":{\"@type\":\"PropertyValueSpecification\",\"valueRequired\":true,\"valueName\":\"search_term_string\"}}],\"inLanguage\":\"nb-NO\"}]}<\/script>\n<!-- \/ Yoast SEO plugin. -->","yoast_head_json":{"title":"Epok - Beslag sedan 1903","robots":{"index":"index","follow":"follow","max-snippet":"max-snippet:-1","max-image-preview":"max-image-preview:large","max-video-preview":"max-video-preview:-1"},"canonical":"https:\/\/millersbeslag.se\/no\/inspirasjon\/epok\/","og_locale":"nb_NO","og_type":"article","og_title":"Epok - Beslag sedan 1903","og_description":"[vc_row][vc_column][\/vc_column][\/vc_row]","og_url":"https:\/\/millersbeslag.se\/no\/inspirasjon\/epok\/","og_site_name":"Beslag sedan 1903","article_publisher":"https:\/\/www.facebook.com\/limittools\/","article_modified_time":"2023-11-27T10:31:53+00:00","twitter_card":"summary_large_image","twitter_misc":{"Est. reading time":"1 minute"},"schema":{"@context":"https:\/\/schema.org","@graph":[{"@type":"WebPage","@id":"https:\/\/millersbeslag.se\/no\/inspirasjon\/epok\/","url":"https:\/\/millersbeslag.se\/no\/inspirasjon\/epok\/","name":"Epok - Beslag sedan 1903","isPartOf":{"@id":"https:\/\/millersbeslag.se\/en\/#website"},"datePublished":"2022-11-11T14:27:03+00:00","dateModified":"2023-11-27T10:31:53+00:00","breadcrumb":{"@id":"https:\/\/millersbeslag.se\/no\/inspirasjon\/epok\/#breadcrumb"},"inLanguage":"nb-NO","potentialAction":[{"@type":"ReadAction","target":["https:\/\/millersbeslag.se\/no\/inspirasjon\/epok\/"]}]},{"@type":"BreadcrumbList","@id":"https:\/\/millersbeslag.se\/no\/inspirasjon\/epok\/#breadcrumb","itemListElement":[{"@type":"ListItem","position":1,"name":"Inspirasjon","item":"https:\/\/millersbeslag.se\/no\/inspirasjon\/"},{"@type":"ListItem","position":2,"name":"Epok"}]},{"@type":"WebSite","@id":"https:\/\/millersbeslag.se\/en\/#website","url":"https:\/\/millersbeslag.se\/en\/","name":"Beslag sedan 1903","description":"Beslag inom allt","potentialAction":[{"@type":"SearchAction","target":{"@type":"EntryPoint","urlTemplate":"https:\/\/millersbeslag.se\/en\/?s={search_term_string}"},"query-input":{"@type":"PropertyValueSpecification","valueRequired":true,"valueName":"search_term_string"}}],"inLanguage":"nb-NO"}]}},"_links":{"self":[{"href":"https:\/\/millersbeslag.se\/no\/wp-json\/wp\/v2\/pages\/12317"}],"collection":[{"href":"https:\/\/millersbeslag.se\/no\/wp-json\/wp\/v2\/pages"}],"about":[{"href":"https:\/\/millersbeslag.se\/no\/wp-json\/wp\/v2\/types\/page"}],"author":[{"embeddable":true,"href":"https:\/\/millersbeslag.se\/no\/wp-json\/wp\/v2\/users\/2"}],"replies":[{"embeddable":true,"href":"https:\/\/millersbeslag.se\/no\/wp-json\/wp\/v2\/comments?post=12317"}],"version-history":[{"count":3,"href":"https:\/\/millersbeslag.se\/no\/wp-json\/wp\/v2\/pages\/12317\/revisions"}],"predecessor-version":[{"id":14897,"href":"https:\/\/millersbeslag.se\/no\/wp-json\/wp\/v2\/pages\/12317\/revisions\/14897"}],"up":[{"embeddable":true,"href":"https:\/\/millersbeslag.se\/no\/wp-json\/wp\/v2\/pages\/12284"}],"wp:attachment":[{"href":"https:\/\/millersbeslag.se\/no\/wp-json\/wp\/v2\/media?parent=12317"}],"curies":[{"name":"wp","href":"https:\/\/api.w.org\/{rel}","templated":true}]}}