{"id":12292,"date":"2018-12-10T10:16:15","date_gmt":"2018-12-10T10:16:15","guid":{"rendered":"https:\/\/millersbeslag.se\/products\/"},"modified":"2023-12-14T10:50:31","modified_gmt":"2023-12-14T10:50:31","slug":"produkter","status":"publish","type":"page","link":"https:\/\/millersbeslag.se\/no\/produkter\/","title":{"rendered":"Produkter"},"content":{"rendered":"<div class=\"wpb-content-wrapper\"><p>[vc_row][vc_column]\n        <div class=\"product-category-grid product-category-grid--start-fit\">\n            \n\t\t\t\t<a class=\"product-category\" href=\"https:\/\/millersbeslag.se\/no\/product-category\/dor-no\/\">\n                    <div class=\"product-category__image\"> \n\t\t\t\t\t\t<div class=\"product-category__overlay--dor-no\"><\/div>\n                        <img decoding=\"async\" src=\"https:\/\/millersbeslag.se\/wp-content\/uploads\/2023\/03\/MILLERS_Dorr-700x778.webp\">\n\t\t\t\t\t\t<div class=\"product-category__background\">\n\t\t\t\t\t\t\t<h3 class=\"product-category__name product-category__name--dor-no\">D\u00f8r<\/h3>\n\t\t\t\t\t\t<\/div>\n\t\t\t\t\t<\/div>\n\t\t\t\t<\/a>\n\t\t\t\t<a class=\"product-category\" href=\"https:\/\/millersbeslag.se\/no\/product-category\/dorhandtak-no\/\">\n                    <div class=\"product-category__image\"> \n\t\t\t\t\t\t<div class=\"product-category__overlay--dorhandtak-no\"><\/div>\n                        <img decoding=\"async\" src=\"https:\/\/millersbeslag.se\/wp-content\/uploads\/2023\/03\/MILLERS_Handtag-700x778.webp\">\n\t\t\t\t\t\t<div class=\"product-category__background\">\n\t\t\t\t\t\t\t<h3 class=\"product-category__name product-category__name--dorhandtak-no\">D\u00f8rh\u00e5ndtak<\/h3>\n\t\t\t\t\t\t<\/div>\n\t\t\t\t\t<\/div>\n\t\t\t\t<\/a>\n\t\t\t\t<a class=\"product-category\" href=\"https:\/\/millersbeslag.se\/no\/product-category\/fritid-no\/\">\n                    <div class=\"product-category__image\"> \n\t\t\t\t\t\t<div class=\"product-category__overlay--fritid-no\"><\/div>\n                        <img decoding=\"async\" src=\"https:\/\/millersbeslag.se\/wp-content\/uploads\/2023\/03\/MILLERS_Fritid-700x778.webp\">\n\t\t\t\t\t\t<div class=\"product-category__background\">\n\t\t\t\t\t\t\t<h3 class=\"product-category__name product-category__name--fritid-no\">Fritid<\/h3>\n\t\t\t\t\t\t<\/div>\n\t\t\t\t\t<\/div>\n\t\t\t\t<\/a>\n\t\t\t\t<a class=\"product-category\" href=\"https:\/\/millersbeslag.se\/no\/product-category\/interior-no\/\">\n                    <div class=\"product-category__image\"> \n\t\t\t\t\t\t<div class=\"product-category__overlay--interior-no\"><\/div>\n                        <img decoding=\"async\" src=\"https:\/\/millersbeslag.se\/wp-content\/uploads\/2023\/03\/MILLERS_Interior-700x778.webp\">\n\t\t\t\t\t\t<div class=\"product-category__background\">\n\t\t\t\t\t\t\t<h3 class=\"product-category__name product-category__name--interior-no\">Interi\u00f8r<\/h3>\n\t\t\t\t\t\t<\/div>\n\t\t\t\t\t<\/div>\n\t\t\t\t<\/a>\n\t\t\t\t<a class=\"product-category\" href=\"https:\/\/millersbeslag.se\/no\/product-category\/las-no\/\">\n                    <div class=\"product-category__image\"> \n\t\t\t\t\t\t<div class=\"product-category__overlay--las-no\"><\/div>\n                        <img decoding=\"async\" src=\"https:\/\/millersbeslag.se\/wp-content\/uploads\/2023\/03\/MILLERS_Las-700x778.webp\">\n\t\t\t\t\t\t<div class=\"product-category__background\">\n\t\t\t\t\t\t\t<h3 class=\"product-category__name product-category__name--las-no\">L\u00e5s<\/h3>\n\t\t\t\t\t\t<\/div>\n\t\t\t\t\t<\/div>\n\t\t\t\t<\/a>\n\t\t\t\t<a class=\"product-category\" href=\"https:\/\/millersbeslag.se\/no\/product-category\/vindu-no\/\">\n                    <div class=\"product-category__image\"> \n\t\t\t\t\t\t<div class=\"product-category__overlay--vindu-no\"><\/div>\n                        <img decoding=\"async\" src=\"https:\/\/millersbeslag.se\/wp-content\/uploads\/2023\/03\/MILLERS_Fonster-700x778.webp\">\n\t\t\t\t\t\t<div class=\"product-category__background\">\n\t\t\t\t\t\t\t<h3 class=\"product-category__name product-category__name--vindu-no\">Vindu<\/h3>\n\t\t\t\t\t\t<\/div>\n\t\t\t\t\t<\/div>\n\t\t\t\t<\/a>\n        <\/div>[\/vc_column][\/vc_row]<\/p>\n<\/div>","protected":false},"excerpt":{"rendered":"[vc_row][vc_column][\/vc_column][\/vc_row]","protected":false},"author":1,"featured_media":0,"parent":0,"menu_order":0,"comment_status":"closed","ping_status":"closed","template":"","meta":{"_acf_changed":false,"footnotes":""},"class_list":["post-12292","page","type-page","status-publish","hentry"],"acf":[],"yoast_head":"<!-- This site is optimized with the Yoast SEO plugin v23.4 - https:\/\/yoast.com\/wordpress\/plugins\/seo\/ -->\n<title>Produkter - Beslag sedan 1903 | M\u00e4tinstrument<\/title>\n<meta name=\"description\" content=\"Millers er Sveriges eldste produsent av beslag. Selskapet ble grunnlagt i 1903 med eget st\u00f8peri i Sm\u00e5land. Millers har levert beslag i alle tidsepoker, fra husmannsplasser, hus fra \u00e5rhundreskiftet til nyproduksjon. Med en gjenstridig kvalitetstankegang og estetisk fokus p\u00e5 detaljer, har Millers som m\u00e5l \u00e5 skape vakre og funksjonelle d\u00f8rh\u00e5ndtak, l\u00e5ser og beslag som gj\u00f8r et hjem perioderiktig.\" \/>\n<meta name=\"robots\" content=\"index, follow, max-snippet:-1, max-image-preview:large, max-video-preview:-1\" \/>\n<link rel=\"canonical\" href=\"https:\/\/millersbeslag.se\/no\/produkter\/\" \/>\n<meta property=\"og:locale\" content=\"nb_NO\" \/>\n<meta property=\"og:type\" content=\"article\" \/>\n<meta property=\"og:title\" content=\"Produkter - Beslag sedan 1903 | M\u00e4tinstrument\" \/>\n<meta property=\"og:description\" content=\"Millers er Sveriges eldste produsent av beslag. Selskapet ble grunnlagt i 1903 med eget st\u00f8peri i Sm\u00e5land. Millers har levert beslag i alle tidsepoker, fra husmannsplasser, hus fra \u00e5rhundreskiftet til nyproduksjon. Med en gjenstridig kvalitetstankegang og estetisk fokus p\u00e5 detaljer, har Millers som m\u00e5l \u00e5 skape vakre og funksjonelle d\u00f8rh\u00e5ndtak, l\u00e5ser og beslag som gj\u00f8r et hjem perioderiktig.\" \/>\n<meta property=\"og:url\" content=\"https:\/\/millersbeslag.se\/no\/produkter\/\" \/>\n<meta property=\"og:site_name\" content=\"Beslag sedan 1903\" \/>\n<meta property=\"article:publisher\" content=\"https:\/\/www.facebook.com\/limittools\/\" \/>\n<meta property=\"article:modified_time\" content=\"2023-12-14T10:50:31+00:00\" \/>\n<meta name=\"twitter:card\" content=\"summary_large_image\" \/>\n<meta name=\"twitter:label1\" content=\"Est. reading time\" \/>\n\t<meta name=\"twitter:data1\" content=\"1 minute\" \/>\n<script type=\"application\/ld+json\" class=\"yoast-schema-graph\">{\"@context\":\"https:\/\/schema.org\",\"@graph\":[{\"@type\":\"WebPage\",\"@id\":\"https:\/\/millersbeslag.se\/no\/produkter\/\",\"url\":\"https:\/\/millersbeslag.se\/no\/produkter\/\",\"name\":\"Produkter - Beslag sedan 1903 | M\u00e4tinstrument\",\"isPartOf\":{\"@id\":\"https:\/\/millersbeslag.se\/en\/#website\"},\"datePublished\":\"2018-12-10T10:16:15+00:00\",\"dateModified\":\"2023-12-14T10:50:31+00:00\",\"description\":\"Millers er Sveriges eldste produsent av beslag. Selskapet ble grunnlagt i 1903 med eget st\u00f8peri i Sm\u00e5land. Millers har levert beslag i alle tidsepoker, fra husmannsplasser, hus fra \u00e5rhundreskiftet til nyproduksjon. Med en gjenstridig kvalitetstankegang og estetisk fokus p\u00e5 detaljer, har Millers som m\u00e5l \u00e5 skape vakre og funksjonelle d\u00f8rh\u00e5ndtak, l\u00e5ser og beslag som gj\u00f8r et hjem perioderiktig.\",\"inLanguage\":\"nb-NO\",\"potentialAction\":[{\"@type\":\"ReadAction\",\"target\":[\"https:\/\/millersbeslag.se\/no\/produkter\/\"]}]},{\"@type\":\"WebSite\",\"@id\":\"https:\/\/millersbeslag.se\/en\/#website\",\"url\":\"https:\/\/millersbeslag.se\/en\/\",\"name\":\"Beslag sedan 1903\",\"description\":\"Beslag inom allt\",\"potentialAction\":[{\"@type\":\"SearchAction\",\"target\":{\"@type\":\"EntryPoint\",\"urlTemplate\":\"https:\/\/millersbeslag.se\/en\/?s={search_term_string}\"},\"query-input\":{\"@type\":\"PropertyValueSpecification\",\"valueRequired\":true,\"valueName\":\"search_term_string\"}}],\"inLanguage\":\"nb-NO\"}]}<\/script>\n<!-- \/ Yoast SEO plugin. -->","yoast_head_json":{"title":"Produkter - Beslag sedan 1903 | M\u00e4tinstrument","description":"Millers er Sveriges eldste produsent av beslag. Selskapet ble grunnlagt i 1903 med eget st\u00f8peri i Sm\u00e5land. Millers har levert beslag i alle tidsepoker, fra husmannsplasser, hus fra \u00e5rhundreskiftet til nyproduksjon. Med en gjenstridig kvalitetstankegang og estetisk fokus p\u00e5 detaljer, har Millers som m\u00e5l \u00e5 skape vakre og funksjonelle d\u00f8rh\u00e5ndtak, l\u00e5ser og beslag som gj\u00f8r et hjem perioderiktig.","robots":{"index":"index","follow":"follow","max-snippet":"max-snippet:-1","max-image-preview":"max-image-preview:large","max-video-preview":"max-video-preview:-1"},"canonical":"https:\/\/millersbeslag.se\/no\/produkter\/","og_locale":"nb_NO","og_type":"article","og_title":"Produkter - Beslag sedan 1903 | M\u00e4tinstrument","og_description":"Millers er Sveriges eldste produsent av beslag. Selskapet ble grunnlagt i 1903 med eget st\u00f8peri i Sm\u00e5land. Millers har levert beslag i alle tidsepoker, fra husmannsplasser, hus fra \u00e5rhundreskiftet til nyproduksjon. Med en gjenstridig kvalitetstankegang og estetisk fokus p\u00e5 detaljer, har Millers som m\u00e5l \u00e5 skape vakre og funksjonelle d\u00f8rh\u00e5ndtak, l\u00e5ser og beslag som gj\u00f8r et hjem perioderiktig.","og_url":"https:\/\/millersbeslag.se\/no\/produkter\/","og_site_name":"Beslag sedan 1903","article_publisher":"https:\/\/www.facebook.com\/limittools\/","article_modified_time":"2023-12-14T10:50:31+00:00","twitter_card":"summary_large_image","twitter_misc":{"Est. reading time":"1 minute"},"schema":{"@context":"https:\/\/schema.org","@graph":[{"@type":"WebPage","@id":"https:\/\/millersbeslag.se\/no\/produkter\/","url":"https:\/\/millersbeslag.se\/no\/produkter\/","name":"Produkter - Beslag sedan 1903 | M\u00e4tinstrument","isPartOf":{"@id":"https:\/\/millersbeslag.se\/en\/#website"},"datePublished":"2018-12-10T10:16:15+00:00","dateModified":"2023-12-14T10:50:31+00:00","description":"Millers er Sveriges eldste produsent av beslag. Selskapet ble grunnlagt i 1903 med eget st\u00f8peri i Sm\u00e5land. Millers har levert beslag i alle tidsepoker, fra husmannsplasser, hus fra \u00e5rhundreskiftet til nyproduksjon. Med en gjenstridig kvalitetstankegang og estetisk fokus p\u00e5 detaljer, har Millers som m\u00e5l \u00e5 skape vakre og funksjonelle d\u00f8rh\u00e5ndtak, l\u00e5ser og beslag som gj\u00f8r et hjem perioderiktig.","inLanguage":"nb-NO","potentialAction":[{"@type":"ReadAction","target":["https:\/\/millersbeslag.se\/no\/produkter\/"]}]},{"@type":"WebSite","@id":"https:\/\/millersbeslag.se\/en\/#website","url":"https:\/\/millersbeslag.se\/en\/","name":"Beslag sedan 1903","description":"Beslag inom allt","potentialAction":[{"@type":"SearchAction","target":{"@type":"EntryPoint","urlTemplate":"https:\/\/millersbeslag.se\/en\/?s={search_term_string}"},"query-input":{"@type":"PropertyValueSpecification","valueRequired":true,"valueName":"search_term_string"}}],"inLanguage":"nb-NO"}]}},"_links":{"self":[{"href":"https:\/\/millersbeslag.se\/no\/wp-json\/wp\/v2\/pages\/12292"}],"collection":[{"href":"https:\/\/millersbeslag.se\/no\/wp-json\/wp\/v2\/pages"}],"about":[{"href":"https:\/\/millersbeslag.se\/no\/wp-json\/wp\/v2\/types\/page"}],"author":[{"embeddable":true,"href":"https:\/\/millersbeslag.se\/no\/wp-json\/wp\/v2\/users\/1"}],"replies":[{"embeddable":true,"href":"https:\/\/millersbeslag.se\/no\/wp-json\/wp\/v2\/comments?post=12292"}],"version-history":[{"count":3,"href":"https:\/\/millersbeslag.se\/no\/wp-json\/wp\/v2\/pages\/12292\/revisions"}],"predecessor-version":[{"id":14903,"href":"https:\/\/millersbeslag.se\/no\/wp-json\/wp\/v2\/pages\/12292\/revisions\/14903"}],"wp:attachment":[{"href":"https:\/\/millersbeslag.se\/no\/wp-json\/wp\/v2\/media?parent=12292"}],"curies":[{"name":"wp","href":"https:\/\/api.w.org\/{rel}","templated":true}]}}