{"id":12287,"date":"2018-12-10T12:26:19","date_gmt":"2018-12-10T12:26:19","guid":{"rendered":"https:\/\/millersbeslag.se\/limit\/"},"modified":"2024-01-23T12:10:42","modified_gmt":"2024-01-23T12:10:42","slug":"limit","status":"publish","type":"page","link":"https:\/\/millersbeslag.se\/no\/","title":{"rendered":"Start"},"content":{"rendered":"<div class=\"wpb-content-wrapper\"><p>[vc_row full_width=&#8221;stretch_row_content_no_spaces&#8221;][vc_column]\n        <div class=\"block block--hero-video\">\n            <div class=\"video-hero\">\n                <div class=\"video-hero__video\"><video src=\"\" poster=\"https:\/\/millersbeslag.se\/wp-content\/uploads\/2023\/03\/Startsida-kok-scaled-e1680269506925.webp\" muted autoplay loop><\/video><img decoding=\"async\" src=\"https:\/\/millersbeslag.se\/wp-content\/uploads\/2023\/03\/Startsida-kok-scaled-e1680269506925.webp\" alt=\"\" class=\"video-hero__placeholder\"><\/div>\n                <div class=\"hero__content\"><div class=\"video-hero__content\"><h1>DEL AV NORDISK ARKITEKTURHISTORIE<\/h1><\/div><\/div>\n            <\/div>\n        <\/div>\n        <div class=\"block block--spacer space--medium\"><\/div>\n        <div class=\"product-category-grid product-category-grid--start-fit\">\n            \n\t\t\t\t<a class=\"product-category\" href=\"https:\/\/millersbeslag.se\/no\/product-category\/dor-no\/\">\n                    <div class=\"product-category__image\"> \n\t\t\t\t\t\t<div class=\"product-category__overlay--dor-no\"><\/div>\n                        <img decoding=\"async\" src=\"https:\/\/millersbeslag.se\/wp-content\/uploads\/2023\/03\/MILLERS_Dorr-700x778.webp\">\n\t\t\t\t\t\t<div class=\"product-category__background\">\n\t\t\t\t\t\t\t<h3 class=\"product-category__name product-category__name--dor-no\">D\u00f8r<\/h3>\n\t\t\t\t\t\t<\/div>\n\t\t\t\t\t<\/div>\n\t\t\t\t<\/a>\n\t\t\t\t<a class=\"product-category\" href=\"https:\/\/millersbeslag.se\/no\/product-category\/dorhandtak-no\/\">\n                    <div class=\"product-category__image\"> \n\t\t\t\t\t\t<div class=\"product-category__overlay--dorhandtak-no\"><\/div>\n                        <img decoding=\"async\" src=\"https:\/\/millersbeslag.se\/wp-content\/uploads\/2023\/03\/MILLERS_Handtag-700x778.webp\">\n\t\t\t\t\t\t<div class=\"product-category__background\">\n\t\t\t\t\t\t\t<h3 class=\"product-category__name product-category__name--dorhandtak-no\">D\u00f8rh\u00e5ndtak<\/h3>\n\t\t\t\t\t\t<\/div>\n\t\t\t\t\t<\/div>\n\t\t\t\t<\/a>\n\t\t\t\t<a class=\"product-category\" href=\"https:\/\/millersbeslag.se\/no\/product-category\/fritid-no\/\">\n                    <div class=\"product-category__image\"> \n\t\t\t\t\t\t<div class=\"product-category__overlay--fritid-no\"><\/div>\n                        <img decoding=\"async\" src=\"https:\/\/millersbeslag.se\/wp-content\/uploads\/2023\/03\/MILLERS_Fritid-700x778.webp\">\n\t\t\t\t\t\t<div class=\"product-category__background\">\n\t\t\t\t\t\t\t<h3 class=\"product-category__name product-category__name--fritid-no\">Fritid<\/h3>\n\t\t\t\t\t\t<\/div>\n\t\t\t\t\t<\/div>\n\t\t\t\t<\/a>\n\t\t\t\t<a class=\"product-category\" href=\"https:\/\/millersbeslag.se\/no\/product-category\/interior-no\/\">\n                    <div class=\"product-category__image\"> \n\t\t\t\t\t\t<div class=\"product-category__overlay--interior-no\"><\/div>\n                        <img decoding=\"async\" src=\"https:\/\/millersbeslag.se\/wp-content\/uploads\/2023\/03\/MILLERS_Interior-700x778.webp\">\n\t\t\t\t\t\t<div class=\"product-category__background\">\n\t\t\t\t\t\t\t<h3 class=\"product-category__name product-category__name--interior-no\">Interi\u00f8r<\/h3>\n\t\t\t\t\t\t<\/div>\n\t\t\t\t\t<\/div>\n\t\t\t\t<\/a>\n\t\t\t\t<a class=\"product-category\" href=\"https:\/\/millersbeslag.se\/no\/product-category\/las-no\/\">\n                    <div class=\"product-category__image\"> \n\t\t\t\t\t\t<div class=\"product-category__overlay--las-no\"><\/div>\n                        <img decoding=\"async\" src=\"https:\/\/millersbeslag.se\/wp-content\/uploads\/2023\/03\/MILLERS_Las-700x778.webp\">\n\t\t\t\t\t\t<div class=\"product-category__background\">\n\t\t\t\t\t\t\t<h3 class=\"product-category__name product-category__name--las-no\">L\u00e5s<\/h3>\n\t\t\t\t\t\t<\/div>\n\t\t\t\t\t<\/div>\n\t\t\t\t<\/a>\n\t\t\t\t<a class=\"product-category\" href=\"https:\/\/millersbeslag.se\/no\/product-category\/vindu-no\/\">\n                    <div class=\"product-category__image\"> \n\t\t\t\t\t\t<div class=\"product-category__overlay--vindu-no\"><\/div>\n                        <img decoding=\"async\" src=\"https:\/\/millersbeslag.se\/wp-content\/uploads\/2023\/03\/MILLERS_Fonster-700x778.webp\">\n\t\t\t\t\t\t<div class=\"product-category__background\">\n\t\t\t\t\t\t\t<h3 class=\"product-category__name product-category__name--vindu-no\">Vindu<\/h3>\n\t\t\t\t\t\t<\/div>\n\t\t\t\t\t<\/div>\n\t\t\t\t<\/a>\n        <\/div>\n            <div class=\"block block--promo align-left size-default text-white with-image\">\n                <div class=\"promo promo--cambridgeBlue\">\n                    <div class=\"promo__image\">\n                        <img decoding=\"async\" src=\"https:\/\/millersbeslag.se\/wp-content\/uploads\/2023\/03\/Punkaren-700x353.webp\" alt=\"\"\/>\n                    <\/div>\n                    <div class=\"promo-content promo-content--cambridgeBlue\">\n                        <h3 class=\"promo__subtitle\">La deg inspireres<\/h3>\n                        <h2 class=\"promo__title\"><\/h2>\n                        <div class=\"promo__text\">P\u00e5 Millers har vi delt inn v\u00e5re innredningsdetaljer (d\u00f8rh\u00e5ndtak, knotter, skuffh\u00e5ndtak, kleskroker og hengere) i fem stilkolleksjoner som kan v\u00e6re til veiledning og inspirasjon. Kolleksjonene er inspirert av v\u00e5r nordiske arv og heter Nord, Ikon, Epok, Kust og Arv. Du kan lese mer om v\u00e5re stilkolleksjoner og f\u00e5 andre tips p\u00e5 siden Inspirasjon.<\/div><a href=\"\" target=\"\" class=\"promo__action btn\">Till Inspirasjon<\/a><\/div>\n                <\/div>\n            <\/div>\n            <div class=\"block block--promo align-left size-small text-white with-image\">\n                <div class=\"promo promo--patone\">\n                    <div class=\"promo__image\">\n                        <img decoding=\"async\" src=\"https:\/\/millersbeslag.se\/wp-content\/uploads\/2023\/03\/Kust_detalj_hall-700x394.webp\" alt=\"Inspireres av film\"\/>\n                    <\/div>\n                    <div class=\"promo-content promo-content--patone\">\n                        <h3 class=\"promo__subtitle\">Teaser<\/h3>\n                        <h2 class=\"promo__title\">Inspireres av film<\/h2>\n                        <div class=\"promo__text\">Ta gjerne en titt p\u00e5 v\u00e5r film om v\u00e5re kolleksjoner for \u00e5 f\u00e5 litt inspirasjon.<\/div><a href=\"https:\/\/youtu.be\/FaMDUHzlQwY\" target=\"_blank\" class=\"promo__action btn\">Se video<\/a><\/div>\n                <\/div>\n            <\/div>\n            <div class=\"block block--promo align-left size-default text-white with-image\">\n                <div class=\"promo promo--weldonBlue\">\n                    <div class=\"promo__image\">\n                        <img decoding=\"async\" src=\"https:\/\/millersbeslag.se\/wp-content\/uploads\/2023\/03\/Miller-Historia-700x511.webp\" alt=\"Om Millers\"\/>\n                    <\/div>\n                    <div class=\"promo-content promo-content--weldonBlue\">\n                        <h3 class=\"promo__subtitle\"><\/h3>\n                        <h2 class=\"promo__title\">Om Millers<\/h2>\n                        <div class=\"promo__text\">Millers er Sveriges eldste produsent av beslag. Selskapet ble grunnlagt i 1903 med eget st\u00f8peri i Sm\u00e5land. Millers har levert beslag i alle tidsepoker, fra husmannsplasser, hus fra \u00e5rhundreskiftet til nyproduksjon. Med en gjenstridig kvalitetstankegang og estetisk fokus p\u00e5 detaljer, har Millers som m\u00e5l \u00e5 skape vakre og funksjonelle d\u00f8rh\u00e5ndtak, l\u00e5ser og beslag som gj\u00f8r et hjem perioderiktig.<\/div><\/div>\n                <\/div>\n            <\/div>[\/vc_column][\/vc_row]<\/p>\n<\/div>","protected":false},"excerpt":{"rendered":"[vc_row full_width=&#8221;stretch_row_content_no_spaces&#8221;][vc_column][\/vc_column][\/vc_row]","protected":false},"author":1,"featured_media":0,"parent":0,"menu_order":0,"comment_status":"closed","ping_status":"closed","template":"","meta":{"_acf_changed":false,"footnotes":""},"class_list":["post-12287","page","type-page","status-publish","hentry"],"acf":[],"yoast_head":"<!-- This site is optimized with the Yoast SEO plugin v23.4 - https:\/\/yoast.com\/wordpress\/plugins\/seo\/ -->\n<title>Start - Beslag sedan 1903<\/title>\n<meta name=\"description\" content=\"Millers er Sveriges eldste produsent av beslag. Selskapet ble grunnlagt i 1903 med eget st\u00f8peri i Sm\u00e5land. Millers har levert beslag i alle tidsepoker, fra husmannsplasser, hus fra \u00e5rhundreskiftet til nyproduksjon. Med en gjenstridig kvalitetstankegang og estetisk fokus p\u00e5 detaljer, har Millers som m\u00e5l \u00e5 skape vakre og funksjonelle d\u00f8rh\u00e5ndtak, l\u00e5ser og beslag som gj\u00f8r et hjem perioderiktig.\" \/>\n<meta name=\"robots\" content=\"index, follow, max-snippet:-1, max-image-preview:large, max-video-preview:-1\" \/>\n<link rel=\"canonical\" href=\"https:\/\/millersbeslag.se\/no\/\" \/>\n<meta property=\"og:locale\" content=\"nb_NO\" \/>\n<meta property=\"og:type\" content=\"article\" \/>\n<meta property=\"og:title\" content=\"Start - Beslag sedan 1903\" \/>\n<meta property=\"og:description\" content=\"Millers er Sveriges eldste produsent av beslag. Selskapet ble grunnlagt i 1903 med eget st\u00f8peri i Sm\u00e5land. Millers har levert beslag i alle tidsepoker, fra husmannsplasser, hus fra \u00e5rhundreskiftet til nyproduksjon. Med en gjenstridig kvalitetstankegang og estetisk fokus p\u00e5 detaljer, har Millers som m\u00e5l \u00e5 skape vakre og funksjonelle d\u00f8rh\u00e5ndtak, l\u00e5ser og beslag som gj\u00f8r et hjem perioderiktig.\" \/>\n<meta property=\"og:url\" content=\"https:\/\/millersbeslag.se\/no\/\" \/>\n<meta property=\"og:site_name\" content=\"Beslag sedan 1903\" \/>\n<meta property=\"article:publisher\" content=\"https:\/\/www.facebook.com\/limittools\/\" \/>\n<meta property=\"article:modified_time\" content=\"2024-01-23T12:10:42+00:00\" \/>\n<meta name=\"twitter:card\" content=\"summary_large_image\" \/>\n<meta name=\"twitter:label1\" content=\"Est. reading time\" \/>\n\t<meta name=\"twitter:data1\" content=\"1 minute\" \/>\n<script type=\"application\/ld+json\" class=\"yoast-schema-graph\">{\"@context\":\"https:\/\/schema.org\",\"@graph\":[{\"@type\":\"WebPage\",\"@id\":\"https:\/\/millersbeslag.se\/no\/\",\"url\":\"https:\/\/millersbeslag.se\/no\/\",\"name\":\"Start - Beslag sedan 1903\",\"isPartOf\":{\"@id\":\"https:\/\/millersbeslag.se\/en\/#website\"},\"datePublished\":\"2018-12-10T12:26:19+00:00\",\"dateModified\":\"2024-01-23T12:10:42+00:00\",\"description\":\"Millers er Sveriges eldste produsent av beslag. Selskapet ble grunnlagt i 1903 med eget st\u00f8peri i Sm\u00e5land. Millers har levert beslag i alle tidsepoker, fra husmannsplasser, hus fra \u00e5rhundreskiftet til nyproduksjon. Med en gjenstridig kvalitetstankegang og estetisk fokus p\u00e5 detaljer, har Millers som m\u00e5l \u00e5 skape vakre og funksjonelle d\u00f8rh\u00e5ndtak, l\u00e5ser og beslag som gj\u00f8r et hjem perioderiktig.\",\"inLanguage\":\"nb-NO\",\"potentialAction\":[{\"@type\":\"ReadAction\",\"target\":[\"https:\/\/millersbeslag.se\/no\/\"]}]},{\"@type\":\"WebSite\",\"@id\":\"https:\/\/millersbeslag.se\/en\/#website\",\"url\":\"https:\/\/millersbeslag.se\/en\/\",\"name\":\"Beslag sedan 1903\",\"description\":\"Beslag inom allt\",\"potentialAction\":[{\"@type\":\"SearchAction\",\"target\":{\"@type\":\"EntryPoint\",\"urlTemplate\":\"https:\/\/millersbeslag.se\/en\/?s={search_term_string}\"},\"query-input\":{\"@type\":\"PropertyValueSpecification\",\"valueRequired\":true,\"valueName\":\"search_term_string\"}}],\"inLanguage\":\"nb-NO\"}]}<\/script>\n<!-- \/ Yoast SEO plugin. -->","yoast_head_json":{"title":"Start - Beslag sedan 1903","description":"Millers er Sveriges eldste produsent av beslag. Selskapet ble grunnlagt i 1903 med eget st\u00f8peri i Sm\u00e5land. Millers har levert beslag i alle tidsepoker, fra husmannsplasser, hus fra \u00e5rhundreskiftet til nyproduksjon. Med en gjenstridig kvalitetstankegang og estetisk fokus p\u00e5 detaljer, har Millers som m\u00e5l \u00e5 skape vakre og funksjonelle d\u00f8rh\u00e5ndtak, l\u00e5ser og beslag som gj\u00f8r et hjem perioderiktig.","robots":{"index":"index","follow":"follow","max-snippet":"max-snippet:-1","max-image-preview":"max-image-preview:large","max-video-preview":"max-video-preview:-1"},"canonical":"https:\/\/millersbeslag.se\/no\/","og_locale":"nb_NO","og_type":"article","og_title":"Start - Beslag sedan 1903","og_description":"Millers er Sveriges eldste produsent av beslag. Selskapet ble grunnlagt i 1903 med eget st\u00f8peri i Sm\u00e5land. Millers har levert beslag i alle tidsepoker, fra husmannsplasser, hus fra \u00e5rhundreskiftet til nyproduksjon. Med en gjenstridig kvalitetstankegang og estetisk fokus p\u00e5 detaljer, har Millers som m\u00e5l \u00e5 skape vakre og funksjonelle d\u00f8rh\u00e5ndtak, l\u00e5ser og beslag som gj\u00f8r et hjem perioderiktig.","og_url":"https:\/\/millersbeslag.se\/no\/","og_site_name":"Beslag sedan 1903","article_publisher":"https:\/\/www.facebook.com\/limittools\/","article_modified_time":"2024-01-23T12:10:42+00:00","twitter_card":"summary_large_image","twitter_misc":{"Est. reading time":"1 minute"},"schema":{"@context":"https:\/\/schema.org","@graph":[{"@type":"WebPage","@id":"https:\/\/millersbeslag.se\/no\/","url":"https:\/\/millersbeslag.se\/no\/","name":"Start - Beslag sedan 1903","isPartOf":{"@id":"https:\/\/millersbeslag.se\/en\/#website"},"datePublished":"2018-12-10T12:26:19+00:00","dateModified":"2024-01-23T12:10:42+00:00","description":"Millers er Sveriges eldste produsent av beslag. Selskapet ble grunnlagt i 1903 med eget st\u00f8peri i Sm\u00e5land. Millers har levert beslag i alle tidsepoker, fra husmannsplasser, hus fra \u00e5rhundreskiftet til nyproduksjon. Med en gjenstridig kvalitetstankegang og estetisk fokus p\u00e5 detaljer, har Millers som m\u00e5l \u00e5 skape vakre og funksjonelle d\u00f8rh\u00e5ndtak, l\u00e5ser og beslag som gj\u00f8r et hjem perioderiktig.","inLanguage":"nb-NO","potentialAction":[{"@type":"ReadAction","target":["https:\/\/millersbeslag.se\/no\/"]}]},{"@type":"WebSite","@id":"https:\/\/millersbeslag.se\/en\/#website","url":"https:\/\/millersbeslag.se\/en\/","name":"Beslag sedan 1903","description":"Beslag inom allt","potentialAction":[{"@type":"SearchAction","target":{"@type":"EntryPoint","urlTemplate":"https:\/\/millersbeslag.se\/en\/?s={search_term_string}"},"query-input":{"@type":"PropertyValueSpecification","valueRequired":true,"valueName":"search_term_string"}}],"inLanguage":"nb-NO"}]}},"_links":{"self":[{"href":"https:\/\/millersbeslag.se\/no\/wp-json\/wp\/v2\/pages\/12287"}],"collection":[{"href":"https:\/\/millersbeslag.se\/no\/wp-json\/wp\/v2\/pages"}],"about":[{"href":"https:\/\/millersbeslag.se\/no\/wp-json\/wp\/v2\/types\/page"}],"author":[{"embeddable":true,"href":"https:\/\/millersbeslag.se\/no\/wp-json\/wp\/v2\/users\/1"}],"replies":[{"embeddable":true,"href":"https:\/\/millersbeslag.se\/no\/wp-json\/wp\/v2\/comments?post=12287"}],"version-history":[{"count":6,"href":"https:\/\/millersbeslag.se\/no\/wp-json\/wp\/v2\/pages\/12287\/revisions"}],"predecessor-version":[{"id":14923,"href":"https:\/\/millersbeslag.se\/no\/wp-json\/wp\/v2\/pages\/12287\/revisions\/14923"}],"wp:attachment":[{"href":"https:\/\/millersbeslag.se\/no\/wp-json\/wp\/v2\/media?parent=12287"}],"curies":[{"name":"wp","href":"https:\/\/api.w.org\/{rel}","templated":true}]}}