{"id":12284,"date":"2022-03-09T13:56:20","date_gmt":"2022-03-09T13:56:20","guid":{"rendered":"https:\/\/millersbeslag.se\/inspiration\/"},"modified":"2024-01-09T09:14:00","modified_gmt":"2024-01-09T09:14:00","slug":"inspirasjon","status":"publish","type":"page","link":"https:\/\/millersbeslag.se\/no\/inspirasjon\/","title":{"rendered":"Inspirasjon"},"content":{"rendered":"<div class=\"wpb-content-wrapper\"><p>[vc_row][vc_column]\n        <div class=\"block block--image align-image--left image-size--large\"><figure><img loading=\"lazy\" decoding=\"async\" width=\"2048\" height=\"1033\" src=\"https:\/\/millersbeslag.se\/wp-content\/uploads\/2023\/03\/Punkaren.webp\" class=\"attachment-full size-full\" alt=\"\" srcset=\"https:\/\/millersbeslag.se\/wp-content\/uploads\/2023\/03\/Punkaren.webp 2048w, https:\/\/millersbeslag.se\/wp-content\/uploads\/2023\/03\/Punkaren-250x126.webp 250w, https:\/\/millersbeslag.se\/wp-content\/uploads\/2023\/03\/Punkaren-700x353.webp 700w, https:\/\/millersbeslag.se\/wp-content\/uploads\/2023\/03\/Punkaren-768x387.webp 768w, https:\/\/millersbeslag.se\/wp-content\/uploads\/2023\/03\/Punkaren-1536x775.webp 1536w, https:\/\/millersbeslag.se\/wp-content\/uploads\/2023\/03\/Punkaren-120x61.webp 120w, https:\/\/millersbeslag.se\/wp-content\/uploads\/2023\/03\/Punkaren-400x202.webp 400w, https:\/\/millersbeslag.se\/wp-content\/uploads\/2023\/03\/Punkaren-600x303.webp 600w\" sizes=\"(max-width: 2048px) 100vw, 2048px\" \/><\/figure><\/div>[\/vc_column][\/vc_row][vc_row][vc_column]\n\t\t\t<div class=\"block block--inspiration-50\">\n\t\t\t\t<div class=\"block--inspiration-50-imagewrapper\"><a href=\"https:\/\/millersbeslag.se\/no\/inspiration\/nord\/\"><img decoding=\"async\" src=\"https:\/\/millersbeslag.se\/wp-content\/uploads\/2023\/03\/Insposida-NORD-700x467.webp\" alt=\"NORD\"><\/img><\/a><div class=\"block--inspiration-50-contentwrapper\"><div class=\"block--inspiration-50-contentwrapper__content\"><h1>NORD<\/h1><p>V\u00e5rt naturlige nordiske arv. Et vakkert formspr\u00e5k i naturlige material gir h\u00e5nden den rette f\u00f8lelsen.<\/p><\/div><\/div>\n\t\t\t\t<\/div>\n\t\t\t\t<div class=\"block--inspiration-50-imagewrapper\"><a href=\"https:\/\/millersbeslag.se\/no\/inspiration\/kust\/\"><img decoding=\"async\" src=\"https:\/\/millersbeslag.se\/wp-content\/uploads\/2023\/03\/Insposida-KUST-700x467.webp\" alt=\"KYST\"><\/img><\/a><div class=\"block--inspiration-50-contentwrapper\"><div class=\"block--inspiration-50-contentwrapper__content\"><h1>KYST<\/h1><p>Formene til den svenske vestkysten. Granittens harde overflate. B\u00f8lgenes levende dans som gjenspeiles i v\u00e5re h\u00e5ndtak.<\/p><\/div><\/div>\n\t\t\t\t<\/div>\n\t\t\t<\/div>[\/vc_column][\/vc_row][vc_row][vc_column]\n        <div class=\"block block--inspiration-100\">\n            <div class=\"block--inspiration-100-imagewrapper\"><a href=\"https:\/\/millersbeslag.se\/no\/inspiration\/epok\/\"><img decoding=\"async\" src=\"https:\/\/millersbeslag.se\/wp-content\/uploads\/2023\/03\/Insposida-EPOK-scaled.webp\" alt=\"EPOK\"><\/img><\/a><div class=\"block--inspiration-100-contentwrapper\"><div class=\"block--inspiration-100-contentwrapper__content\"><h1>EPOK<\/h1><p>Med storbyens eleganse og \u00e5rhundreskiftets sans for detaljer og kvalitet, materiale og overflate.<\/p><\/div><\/div>\n            <\/div>\n        <\/div><\/a>[\/vc_column][\/vc_row][vc_row][vc_column]\n\t\t\t<div class=\"block block--inspiration-50\">\n\t\t\t\t<div class=\"block--inspiration-50-imagewrapper\"><a href=\"https:\/\/millersbeslag.se\/no\/inspiration\/ikon\/\"><img decoding=\"async\" src=\"https:\/\/millersbeslag.se\/wp-content\/uploads\/2023\/03\/Insposida-IKON-700x467.webp\" alt=\"IKON\"><\/img><\/a><div class=\"block--inspiration-50-contentwrapper\"><div class=\"block--inspiration-50-contentwrapper__content\"><h1>IKON<\/h1><p>Reneste formen av funksjonalitet. Minimalisme med sterkt formspr\u00e5k. Inspirert av Gotlands karrighet, med rene, rette linjer.<\/p><\/div><\/div>\n\t\t\t\t<\/div>\n\t\t\t\t<div class=\"block--inspiration-50-imagewrapper\"><a href=\"https:\/\/millersbeslag.se\/no\/inspiration\/arv\/\"><img decoding=\"async\" src=\"https:\/\/millersbeslag.se\/wp-content\/uploads\/2023\/03\/Insposida-ARV-700x467.webp\" alt=\"ARV\"><\/img><\/a><div class=\"block--inspiration-50-contentwrapper\"><div class=\"block--inspiration-50-contentwrapper__content\"><h1>ARV<\/h1><p>V\u00e5r opprinnelse. Inspirert av de stille skogene og de m\u00f8rke innsj\u00f8ene i rustikk, \u00e6rlig design.<\/p><\/div><\/div>\n\t\t\t\t<\/div>\n\t\t\t<\/div>[\/vc_column][\/vc_row][vc_row][vc_column]\n        <div class=\"block block--inspiration-100\">\n            <div class=\"block--inspiration-100-imagewrapper\"><a href=\"https:\/\/millersbeslag.se\/no\/inspiration\/kok\/\"><img decoding=\"async\" src=\"https:\/\/millersbeslag.se\/wp-content\/uploads\/2023\/03\/Insposida-KOK-scaled.webp\" alt=\"Kj\u00f8kken\"><\/img><\/a><div class=\"block--inspiration-100-contentwrapper\"><div class=\"block--inspiration-100-contentwrapper__content\"><h1>Kj\u00f8kken<\/h1><p>Kj\u00f8kkenet er hjemmets hjerte og fortjener ekstra oppmerksomhet. Her finner du inspirasjon til hytta, jugendleiligheten og alt imellom.<\/p><\/div><\/div>\n            <\/div>\n        <\/div><\/a>[\/vc_column][\/vc_row][vc_row][vc_column]\n\t\t\t<div class=\"block block--inspiration-50\">\n\t\t\t\t<div class=\"block--inspiration-50-imagewrapper\"><a href=\"https:\/\/millersbeslag.se\/no\/inspiration\/hall\/\"><img decoding=\"async\" src=\"https:\/\/millersbeslag.se\/wp-content\/uploads\/2023\/03\/Epok_hall-700x394.webp\" alt=\"Entr\u00e9\"><\/img><\/a><div class=\"block--inspiration-50-contentwrapper\"><div class=\"block--inspiration-50-contentwrapper__content\"><h1>Entr\u00e9<\/h1><p>Entr\u00e9n er det f\u00f8rste du og gjestene dine m\u00f8ter i hjemmet ditt. Her har vi samlet inspirasjon til hvordan du med sm\u00e5 midler kan sette stilen p\u00e5 den.<\/p><\/div><\/div>\n\t\t\t\t<\/div>\n\t\t\t\t<div class=\"block--inspiration-50-imagewrapper\"><a href=\"https:\/\/millersbeslag.se\/no\/inspiration\/badrum\/\"><img decoding=\"async\" src=\"https:\/\/millersbeslag.se\/wp-content\/uploads\/2023\/03\/Insposida-BADRUM-700x467.webp\" alt=\"Baderom\"><\/img><\/a><div class=\"block--inspiration-50-contentwrapper\"><div class=\"block--inspiration-50-contentwrapper__content\"><h1>Baderom<\/h1><p>Det finnes uendelige muligheter for \u00e5 sette ditt eget preg p\u00e5 badet. La deg inspirere av flere ulike stiler<\/p><\/div><\/div>\n\t\t\t\t<\/div>\n\t\t\t<\/div>[\/vc_column][\/vc_row]<\/p>\n<\/div>","protected":false},"excerpt":{"rendered":"[vc_row][vc_column][\/vc_column][\/vc_row][vc_row][vc_column][\/vc_column][\/vc_row][vc_row][vc_column][\/vc_column][\/vc_row][vc_row][vc_column][\/vc_column][\/vc_row][vc_row][vc_column][\/vc_column][\/vc_row][vc_row][vc_column][\/vc_column][\/vc_row]","protected":false},"author":4,"featured_media":0,"parent":0,"menu_order":0,"comment_status":"closed","ping_status":"closed","template":"","meta":{"_acf_changed":false,"footnotes":""},"class_list":["post-12284","page","type-page","status-publish","hentry"],"acf":[],"yoast_head":"<!-- This site is optimized with the Yoast SEO plugin v23.4 - https:\/\/yoast.com\/wordpress\/plugins\/seo\/ -->\n<title>Inspirasjon - Beslag sedan 1903<\/title>\n<meta name=\"description\" content=\"P\u00e5 Millers har vi delt inn v\u00e5re innredningsdetaljer (d\u00f8rh\u00e5ndtak, knotter, skuffh\u00e5ndtak, kleskroker og hengere) i fem stilkolleksjoner som kan v\u00e6re til veiledning og inspirasjon. Kolleksjonene er inspirert av v\u00e5r nordiske arv og heter Nord, Ikon, Epok, Kust og Arv. Du kan lese mer om v\u00e5re stilkolleksjoner og f\u00e5 andre tips p\u00e5 siden Inspirasjon.\" \/>\n<meta name=\"robots\" content=\"index, follow, max-snippet:-1, max-image-preview:large, max-video-preview:-1\" \/>\n<link rel=\"canonical\" href=\"https:\/\/millersbeslag.se\/no\/inspirasjon\/\" \/>\n<meta property=\"og:locale\" content=\"nb_NO\" \/>\n<meta property=\"og:type\" content=\"article\" \/>\n<meta property=\"og:title\" content=\"Inspirasjon - Beslag sedan 1903\" \/>\n<meta property=\"og:description\" content=\"P\u00e5 Millers har vi delt inn v\u00e5re innredningsdetaljer (d\u00f8rh\u00e5ndtak, knotter, skuffh\u00e5ndtak, kleskroker og hengere) i fem stilkolleksjoner som kan v\u00e6re til veiledning og inspirasjon. Kolleksjonene er inspirert av v\u00e5r nordiske arv og heter Nord, Ikon, Epok, Kust og Arv. Du kan lese mer om v\u00e5re stilkolleksjoner og f\u00e5 andre tips p\u00e5 siden Inspirasjon.\" \/>\n<meta property=\"og:url\" content=\"https:\/\/millersbeslag.se\/no\/inspirasjon\/\" \/>\n<meta property=\"og:site_name\" content=\"Beslag sedan 1903\" \/>\n<meta property=\"article:publisher\" content=\"https:\/\/www.facebook.com\/limittools\/\" \/>\n<meta property=\"article:modified_time\" content=\"2024-01-09T09:14:00+00:00\" \/>\n<meta name=\"twitter:card\" content=\"summary_large_image\" \/>\n<meta name=\"twitter:label1\" content=\"Est. reading time\" \/>\n\t<meta name=\"twitter:data1\" content=\"1 minute\" \/>\n<script type=\"application\/ld+json\" class=\"yoast-schema-graph\">{\"@context\":\"https:\/\/schema.org\",\"@graph\":[{\"@type\":\"WebPage\",\"@id\":\"https:\/\/millersbeslag.se\/no\/inspirasjon\/\",\"url\":\"https:\/\/millersbeslag.se\/no\/inspirasjon\/\",\"name\":\"Inspirasjon - Beslag sedan 1903\",\"isPartOf\":{\"@id\":\"https:\/\/millersbeslag.se\/en\/#website\"},\"datePublished\":\"2022-03-09T13:56:20+00:00\",\"dateModified\":\"2024-01-09T09:14:00+00:00\",\"description\":\"P\u00e5 Millers har vi delt inn v\u00e5re innredningsdetaljer (d\u00f8rh\u00e5ndtak, knotter, skuffh\u00e5ndtak, kleskroker og hengere) i fem stilkolleksjoner som kan v\u00e6re til veiledning og inspirasjon. Kolleksjonene er inspirert av v\u00e5r nordiske arv og heter Nord, Ikon, Epok, Kust og Arv. Du kan lese mer om v\u00e5re stilkolleksjoner og f\u00e5 andre tips p\u00e5 siden Inspirasjon.\",\"inLanguage\":\"nb-NO\",\"potentialAction\":[{\"@type\":\"ReadAction\",\"target\":[\"https:\/\/millersbeslag.se\/no\/inspirasjon\/\"]}]},{\"@type\":\"WebSite\",\"@id\":\"https:\/\/millersbeslag.se\/en\/#website\",\"url\":\"https:\/\/millersbeslag.se\/en\/\",\"name\":\"Beslag sedan 1903\",\"description\":\"Beslag inom allt\",\"potentialAction\":[{\"@type\":\"SearchAction\",\"target\":{\"@type\":\"EntryPoint\",\"urlTemplate\":\"https:\/\/millersbeslag.se\/en\/?s={search_term_string}\"},\"query-input\":{\"@type\":\"PropertyValueSpecification\",\"valueRequired\":true,\"valueName\":\"search_term_string\"}}],\"inLanguage\":\"nb-NO\"}]}<\/script>\n<!-- \/ Yoast SEO plugin. -->","yoast_head_json":{"title":"Inspirasjon - Beslag sedan 1903","description":"P\u00e5 Millers har vi delt inn v\u00e5re innredningsdetaljer (d\u00f8rh\u00e5ndtak, knotter, skuffh\u00e5ndtak, kleskroker og hengere) i fem stilkolleksjoner som kan v\u00e6re til veiledning og inspirasjon. Kolleksjonene er inspirert av v\u00e5r nordiske arv og heter Nord, Ikon, Epok, Kust og Arv. Du kan lese mer om v\u00e5re stilkolleksjoner og f\u00e5 andre tips p\u00e5 siden Inspirasjon.","robots":{"index":"index","follow":"follow","max-snippet":"max-snippet:-1","max-image-preview":"max-image-preview:large","max-video-preview":"max-video-preview:-1"},"canonical":"https:\/\/millersbeslag.se\/no\/inspirasjon\/","og_locale":"nb_NO","og_type":"article","og_title":"Inspirasjon - Beslag sedan 1903","og_description":"P\u00e5 Millers har vi delt inn v\u00e5re innredningsdetaljer (d\u00f8rh\u00e5ndtak, knotter, skuffh\u00e5ndtak, kleskroker og hengere) i fem stilkolleksjoner som kan v\u00e6re til veiledning og inspirasjon. Kolleksjonene er inspirert av v\u00e5r nordiske arv og heter Nord, Ikon, Epok, Kust og Arv. Du kan lese mer om v\u00e5re stilkolleksjoner og f\u00e5 andre tips p\u00e5 siden Inspirasjon.","og_url":"https:\/\/millersbeslag.se\/no\/inspirasjon\/","og_site_name":"Beslag sedan 1903","article_publisher":"https:\/\/www.facebook.com\/limittools\/","article_modified_time":"2024-01-09T09:14:00+00:00","twitter_card":"summary_large_image","twitter_misc":{"Est. reading time":"1 minute"},"schema":{"@context":"https:\/\/schema.org","@graph":[{"@type":"WebPage","@id":"https:\/\/millersbeslag.se\/no\/inspirasjon\/","url":"https:\/\/millersbeslag.se\/no\/inspirasjon\/","name":"Inspirasjon - Beslag sedan 1903","isPartOf":{"@id":"https:\/\/millersbeslag.se\/en\/#website"},"datePublished":"2022-03-09T13:56:20+00:00","dateModified":"2024-01-09T09:14:00+00:00","description":"P\u00e5 Millers har vi delt inn v\u00e5re innredningsdetaljer (d\u00f8rh\u00e5ndtak, knotter, skuffh\u00e5ndtak, kleskroker og hengere) i fem stilkolleksjoner som kan v\u00e6re til veiledning og inspirasjon. Kolleksjonene er inspirert av v\u00e5r nordiske arv og heter Nord, Ikon, Epok, Kust og Arv. Du kan lese mer om v\u00e5re stilkolleksjoner og f\u00e5 andre tips p\u00e5 siden Inspirasjon.","inLanguage":"nb-NO","potentialAction":[{"@type":"ReadAction","target":["https:\/\/millersbeslag.se\/no\/inspirasjon\/"]}]},{"@type":"WebSite","@id":"https:\/\/millersbeslag.se\/en\/#website","url":"https:\/\/millersbeslag.se\/en\/","name":"Beslag sedan 1903","description":"Beslag inom allt","potentialAction":[{"@type":"SearchAction","target":{"@type":"EntryPoint","urlTemplate":"https:\/\/millersbeslag.se\/en\/?s={search_term_string}"},"query-input":{"@type":"PropertyValueSpecification","valueRequired":true,"valueName":"search_term_string"}}],"inLanguage":"nb-NO"}]}},"_links":{"self":[{"href":"https:\/\/millersbeslag.se\/no\/wp-json\/wp\/v2\/pages\/12284"}],"collection":[{"href":"https:\/\/millersbeslag.se\/no\/wp-json\/wp\/v2\/pages"}],"about":[{"href":"https:\/\/millersbeslag.se\/no\/wp-json\/wp\/v2\/types\/page"}],"author":[{"embeddable":true,"href":"https:\/\/millersbeslag.se\/no\/wp-json\/wp\/v2\/users\/4"}],"replies":[{"embeddable":true,"href":"https:\/\/millersbeslag.se\/no\/wp-json\/wp\/v2\/comments?post=12284"}],"version-history":[{"count":12,"href":"https:\/\/millersbeslag.se\/no\/wp-json\/wp\/v2\/pages\/12284\/revisions"}],"predecessor-version":[{"id":14921,"href":"https:\/\/millersbeslag.se\/no\/wp-json\/wp\/v2\/pages\/12284\/revisions\/14921"}],"wp:attachment":[{"href":"https:\/\/millersbeslag.se\/no\/wp-json\/wp\/v2\/media?parent=12284"}],"curies":[{"name":"wp","href":"https:\/\/api.w.org\/{rel}","templated":true}]}}